{"id":450,"date":"2020-11-11T19:58:23","date_gmt":"2020-11-11T18:58:23","guid":{"rendered":"http:\/\/www.vitapraxis.de\/wp-cms\/?page_id=450"},"modified":"2023-05-18T14:16:49","modified_gmt":"2023-05-18T12:16:49","slug":"rechtliche-hinweise-patrizia-schuess-heilpraktikerin-und-kinesiologin-weilheim","status":"publish","type":"page","link":"https:\/\/www.vitapraxis.de\/wp-cms\/rechtliche-hinweise-patrizia-schuess-heilpraktikerin-und-kinesiologin-weilheim\/","title":{"rendered":"Rechtliche Hinweise"},"content":{"rendered":"\t\t<div data-elementor-type=\"wp-page\" data-elementor-id=\"450\" class=\"elementor elementor-450\">\n\t\t\t\t\t\t<section class=\"elementor-section elementor-top-section elementor-element elementor-element-790ae83f elementor-section-stretched elementor-section-full_width elementor-section-height-min-height elementor-section-height-default elementor-section-items-middle\" data-id=\"790ae83f\" data-element_type=\"section\" data-e-type=\"section\" data-settings=\"{&quot;stretch_section&quot;:&quot;section-stretched&quot;,&quot;shape_divider_top&quot;:&quot;opacity-fan&quot;,&quot;shape_divider_bottom&quot;:&quot;opacity-fan&quot;}\">\n\t\t\t\t\t\t\t<div class=\"elementor-background-overlay\"><\/div>\n\t\t\t\t\t\t<div class=\"elementor-shape elementor-shape-top\" aria-hidden=\"true\" data-negative=\"false\">\n\t\t\t<svg xmlns=\"http:\/\/www.w3.org\/2000\/svg\" viewBox=\"0 0 283.5 19.6\" preserveAspectRatio=\"none\">\n\t<path class=\"elementor-shape-fill\" style=\"opacity:0.33\" d=\"M0 0L0 18.8 141.8 4.1 283.5 18.8 283.5 0z\"\/>\n\t<path class=\"elementor-shape-fill\" style=\"opacity:0.33\" d=\"M0 0L0 12.6 141.8 4 283.5 12.6 283.5 0z\"\/>\n\t<path class=\"elementor-shape-fill\" style=\"opacity:0.33\" d=\"M0 0L0 6.4 141.8 4 283.5 6.4 283.5 0z\"\/>\n\t<path class=\"elementor-shape-fill\" d=\"M0 0L0 1.2 141.8 4 283.5 1.2 283.5 0z\"\/>\n<\/svg>\t\t<\/div>\n\t\t\t\t<div class=\"elementor-shape elementor-shape-bottom\" aria-hidden=\"true\" data-negative=\"false\">\n\t\t\t<svg xmlns=\"http:\/\/www.w3.org\/2000\/svg\" viewBox=\"0 0 283.5 19.6\" preserveAspectRatio=\"none\">\n\t<path class=\"elementor-shape-fill\" style=\"opacity:0.33\" d=\"M0 0L0 18.8 141.8 4.1 283.5 18.8 283.5 0z\"\/>\n\t<path class=\"elementor-shape-fill\" style=\"opacity:0.33\" d=\"M0 0L0 12.6 141.8 4 283.5 12.6 283.5 0z\"\/>\n\t<path class=\"elementor-shape-fill\" style=\"opacity:0.33\" d=\"M0 0L0 6.4 141.8 4 283.5 6.4 283.5 0z\"\/>\n\t<path class=\"elementor-shape-fill\" d=\"M0 0L0 1.2 141.8 4 283.5 1.2 283.5 0z\"\/>\n<\/svg>\t\t<\/div>\n\t\t\t\t\t<div class=\"elementor-container elementor-column-gap-default\">\n\t\t\t\t\t<div class=\"elementor-column elementor-col-100 elementor-top-column elementor-element elementor-element-6c74e38a\" data-id=\"6c74e38a\" data-element_type=\"column\" data-e-type=\"column\">\n\t\t\t<div class=\"elementor-widget-wrap elementor-element-populated\">\n\t\t\t\t\t\t<section class=\"elementor-section elementor-inner-section elementor-element elementor-element-4019a426 elementor-section-full_width elementor-section-height-default elementor-section-height-default\" data-id=\"4019a426\" data-element_type=\"section\" data-e-type=\"section\">\n\t\t\t\t\t\t\t<div class=\"elementor-background-overlay\"><\/div>\n\t\t\t\t\t\t\t<div class=\"elementor-container elementor-column-gap-default\">\n\t\t\t\t\t<div class=\"elementor-column elementor-col-100 elementor-inner-column elementor-element elementor-element-30e3b36e\" data-id=\"30e3b36e\" data-element_type=\"column\" data-e-type=\"column\">\n\t\t\t<div class=\"elementor-widget-wrap elementor-element-populated\">\n\t\t\t\t\t\t<div class=\"elementor-element elementor-element-309b6b19 elementor-widget elementor-widget-image\" data-id=\"309b6b19\" data-element_type=\"widget\" data-e-type=\"widget\" data-widget_type=\"image.default\">\n\t\t\t\t<div class=\"elementor-widget-container\">\n\t\t\t\t\t\t\t\t\t\t\t\t\t\t\t<img decoding=\"async\" src=\"https:\/\/www.vitapraxis.de\/wp-cms\/wp-content\/uploads\/2020\/11\/neu_Zeichenfla\u0308che-6-01.png\" title=\"\" alt=\"\" loading=\"lazy\" \/>\t\t\t\t\t\t\t\t\t\t\t\t\t\t\t<\/div>\n\t\t\t\t<\/div>\n\t\t\t\t\t<\/div>\n\t\t<\/div>\n\t\t\t\t\t<\/div>\n\t\t<\/section>\n\t\t\t\t<div class=\"elementor-element elementor-element-78d9f00e elementor-widget elementor-widget-heading\" data-id=\"78d9f00e\" data-element_type=\"widget\" data-e-type=\"widget\" data-settings=\"{&quot;_animation_mobile&quot;:&quot;fadeInUp&quot;}\" data-widget_type=\"heading.default\">\n\t\t\t\t<div class=\"elementor-widget-container\">\n\t\t\t\t\t<h3 class=\"elementor-heading-title elementor-size-default\">Rechtliche Hinweise<\/h3>\t\t\t\t<\/div>\n\t\t\t\t<\/div>\n\t\t\t\t\t<\/div>\n\t\t<\/div>\n\t\t\t\t\t<\/div>\n\t\t<\/section>\n\t\t\t\t<section class=\"elementor-section elementor-top-section elementor-element elementor-element-98fc6bf elementor-section-boxed elementor-section-height-default elementor-section-height-default\" data-id=\"98fc6bf\" data-element_type=\"section\" data-e-type=\"section\" data-settings=\"{&quot;background_background&quot;:&quot;classic&quot;}\">\n\t\t\t\t\t\t\t<div class=\"elementor-background-overlay\"><\/div>\n\t\t\t\t\t\t\t<div class=\"elementor-container elementor-column-gap-default\">\n\t\t\t\t\t<div class=\"elementor-column elementor-col-25 elementor-top-column elementor-element elementor-element-8935638\" data-id=\"8935638\" data-element_type=\"column\" data-e-type=\"column\">\n\t\t\t<div class=\"elementor-widget-wrap\">\n\t\t\t\t\t\t\t<\/div>\n\t\t<\/div>\n\t\t\t\t<div class=\"elementor-column elementor-col-50 elementor-top-column elementor-element elementor-element-051f7f5\" data-id=\"051f7f5\" data-element_type=\"column\" data-e-type=\"column\">\n\t\t\t<div class=\"elementor-widget-wrap elementor-element-populated\">\n\t\t\t\t\t\t<div class=\"elementor-element elementor-element-acf116d elementor-widget elementor-widget-spacer\" data-id=\"acf116d\" data-element_type=\"widget\" data-e-type=\"widget\" data-widget_type=\"spacer.default\">\n\t\t\t\t<div class=\"elementor-widget-container\">\n\t\t\t\t\t\t\t<div class=\"elementor-spacer\">\n\t\t\t<div class=\"elementor-spacer-inner\"><\/div>\n\t\t<\/div>\n\t\t\t\t\t\t<\/div>\n\t\t\t\t<\/div>\n\t\t\t\t<div class=\"elementor-element elementor-element-ab6c3d6 elementor-widget elementor-widget-text-editor\" data-id=\"ab6c3d6\" data-element_type=\"widget\" data-e-type=\"widget\" data-widget_type=\"text-editor.default\">\n\t\t\t\t<div class=\"elementor-widget-container\">\n\t\t\t\t\t\t\t\t\t<p><strong>Allgemeine Hinweise<\/strong><br \/>Ich weise darauf hin, dass sich diese Homepage und s\u00e4mtliche Informationen auf der Homepage nach deutschem Recht richten. Jeder Benutzer, welcher \u00fcber diesen Disclaimer hinweggeht, um auf meine einzelnen Seiten Zugriff zu nehmen, erkennt mit dem Weiterbl\u00e4ttern der Seite an, dass sich die Beziehung zwischen ihm und mir ausschlie\u00dflich nach deutschem Recht richtet.<\/p><p>Vorsorglich weise ich au\u00dferdem darauf hin, dass die von mir abgegebenen Informationen auf der Homepage nicht genutzt werden k\u00f6nnen, um Krankheiten oder Leiden selbst zu erkennen und zu therapieren.<\/p><p>Autor und Inhaber beabsichtigen nicht, Diagnosen au\u00dferhalb ihrer Praxis zu stellen und Therapieanweisungen zu geben. Die hier beschriebenen Verfahren sind nicht als Ersatz f\u00fcr professionelle medizinische Behandlungen bei ernsten gesundheitlichen Beschwerden zu verstehen.<\/p><p><strong>Hinweise zur Heilpraktik<\/strong><br \/>Alle auf Webseite von Patrizia Sch\u00fcss beschriebenen naturheilkundlichen Anwendungen z\u00e4hlen unter anderem zur so genannten Alternativmedizin. Die in den einzelnen Texten angegebenen Empfehlungen f\u00fcr die Erkennung oder Behandlung von Krankheiten, Leiden oder anderen Gesundheitsst\u00f6rungen beruhen auf der Erfahrung in der Praxis bzw. der naturheilkundlichen Fachliteratur zu den einzelnen Diagnose- oder Behandlungsverfahren.\u2028Die hier zur Verf\u00fcgung gestellten Informationen ersetzen keine Untersuchung oder Behandlung durch einen Arzt. Diese Texte dienen dem Interessierten zur Information \u00fcber Gesundheitsvorsorge oder sollen bei meinen Patienten die medizinische Behandlung unterst\u00fctzen. Die dargestellten Verfahrensweisen haben sich in der Praxis als sicher und effektiv bew\u00e4hrt. Wer sie anwendet, tut dies in eigener Verantwortung. Die Wirksamkeit dieser Therapieformen ist weder schulmedizinisch noch wissenschaftlich belegt und anerkannt.<\/p><p><strong>Hinweise zur Kinesiologie<\/strong><br \/>Die Begleitende Kinesiologie stellt keine Heilkunde dar und ist kein ausreichender Ersatz f\u00fcr medizinische oder psychotherapeutische Behandlungen. Sie ist als Gesundheits- und Lebensberatung zu verstehen und dient nicht der Behandlung und Heilung von Krankheiten. Bei gesundheitlichen Beschwerden oder Krankheiten sollte daher eine medizinische oder psychotherapeutische Behandlung, also die Hilfe eines Arztes, Heilpraktikers oder Psychotherapeuten in Anspruch genommen werden.<\/p><p>W\u00e4hrend die Begleitende Kinesiologie nach Meinung einer Vielzahl von Wissenschaftlern, ganzheitlich orientierten \u00c4rzten, Heilpraktikern und Psychotherapeuten als Erg\u00e4nzung bzw. Unterst\u00fctzung einer medizinischen oder psychotherapeutischen Behandlung zur Linderung von gesundheitlichen Beschwerden oder Krankheiten beitragen kann, ist sie in ihrer therapeutischen Wirksamkeit nicht durch gesicherte wissenschaftliche Erkenntnisse belegt und im Sinne der Schulmedizin zu Diagnosezwecken ungeeignet.<\/p>\t\t\t\t\t\t\t\t<\/div>\n\t\t\t\t<\/div>\n\t\t\t\t<div class=\"elementor-element elementor-element-be2ed64 elementor-widget elementor-widget-spacer\" data-id=\"be2ed64\" data-element_type=\"widget\" data-e-type=\"widget\" data-widget_type=\"spacer.default\">\n\t\t\t\t<div class=\"elementor-widget-container\">\n\t\t\t\t\t\t\t<div class=\"elementor-spacer\">\n\t\t\t<div class=\"elementor-spacer-inner\"><\/div>\n\t\t<\/div>\n\t\t\t\t\t\t<\/div>\n\t\t\t\t<\/div>\n\t\t\t\t\t<\/div>\n\t\t<\/div>\n\t\t\t\t<div class=\"elementor-column elementor-col-25 elementor-top-column elementor-element elementor-element-c1db69e\" data-id=\"c1db69e\" data-element_type=\"column\" data-e-type=\"column\">\n\t\t\t<div class=\"elementor-widget-wrap\">\n\t\t\t\t\t\t\t<\/div>\n\t\t<\/div>\n\t\t\t\t\t<\/div>\n\t\t<\/section>\n\t\t\t\t<\/div>\n\t\t","protected":false},"excerpt":{"rendered":"<p>Rechtliche Hinweise Allgemeine HinweiseIch weise darauf hin, dass sich diese Homepage und s\u00e4mtliche Informationen auf der Homepage nach deutschem Recht richten. Jeder Benutzer, welcher \u00fcber diesen Disclaimer hinweggeht, um auf meine einzelnen Seiten Zugriff zu nehmen, erkennt mit dem Weiterbl\u00e4ttern der Seite an, dass sich die Beziehung zwischen ihm und mir ausschlie\u00dflich nach deutschem Recht [&hellip;]<\/p>\n","protected":false},"author":1,"featured_media":0,"parent":0,"menu_order":0,"comment_status":"closed","ping_status":"closed","template":"","meta":{"ocean_post_layout":"full-screen","ocean_both_sidebars_style":"","ocean_both_sidebars_content_width":0,"ocean_both_sidebars_sidebars_width":0,"ocean_sidebar":"0","ocean_second_sidebar":"0","ocean_disable_margins":"enable","ocean_add_body_class":"","ocean_shortcode_before_top_bar":"","ocean_shortcode_after_top_bar":"","ocean_shortcode_before_header":"","ocean_shortcode_after_header":"","ocean_has_shortcode":"","ocean_shortcode_after_title":"","ocean_shortcode_before_footer_widgets":"","ocean_shortcode_after_footer_widgets":"","ocean_shortcode_before_footer_bottom":"","ocean_shortcode_after_footer_bottom":"","ocean_display_top_bar":"off","ocean_display_header":"default","ocean_header_style":"","ocean_center_header_left_menu":"0","ocean_custom_header_template":"0","ocean_custom_logo":0,"ocean_custom_retina_logo":0,"ocean_custom_logo_max_width":0,"ocean_custom_logo_tablet_max_width":0,"ocean_custom_logo_mobile_max_width":0,"ocean_custom_logo_max_height":0,"ocean_custom_logo_tablet_max_height":0,"ocean_custom_logo_mobile_max_height":0,"ocean_header_custom_menu":"0","ocean_menu_typo_font_family":"0","ocean_menu_typo_font_subset":"","ocean_menu_typo_font_size":0,"ocean_menu_typo_font_size_tablet":0,"ocean_menu_typo_font_size_mobile":0,"ocean_menu_typo_font_size_unit":"px","ocean_menu_typo_font_weight":"","ocean_menu_typo_font_weight_tablet":"","ocean_menu_typo_font_weight_mobile":"","ocean_menu_typo_transform":"","ocean_menu_typo_transform_tablet":"","ocean_menu_typo_transform_mobile":"","ocean_menu_typo_line_height":0,"ocean_menu_typo_line_height_tablet":0,"ocean_menu_typo_line_height_mobile":0,"ocean_menu_typo_line_height_unit":"","ocean_menu_typo_spacing":0,"ocean_menu_typo_spacing_tablet":0,"ocean_menu_typo_spacing_mobile":0,"ocean_menu_typo_spacing_unit":"","ocean_menu_link_color":"","ocean_menu_link_color_hover":"","ocean_menu_link_color_active":"","ocean_menu_link_background":"","ocean_menu_link_hover_background":"","ocean_menu_link_active_background":"","ocean_menu_social_links_bg":"","ocean_menu_social_hover_links_bg":"","ocean_menu_social_links_color":"","ocean_menu_social_hover_links_color":"","ocean_disable_title":"on","ocean_disable_heading":"default","ocean_post_title":"","ocean_post_subheading":"","ocean_post_title_style":"","ocean_post_title_background_color":"","ocean_post_title_background":0,"ocean_post_title_bg_image_position":"","ocean_post_title_bg_image_attachment":"","ocean_post_title_bg_image_repeat":"","ocean_post_title_bg_image_size":"","ocean_post_title_height":0,"ocean_post_title_bg_overlay":0.5,"ocean_post_title_bg_overlay_color":"","ocean_disable_breadcrumbs":"default","ocean_breadcrumbs_color":"","ocean_breadcrumbs_separator_color":"","ocean_breadcrumbs_links_color":"","ocean_breadcrumbs_links_hover_color":"","ocean_display_footer_widgets":"on","ocean_display_footer_bottom":"off","ocean_custom_footer_template":"0","footnotes":""},"class_list":["post-450","page","type-page","status-publish","hentry","entry"],"_links":{"self":[{"href":"https:\/\/www.vitapraxis.de\/wp-cms\/wp-json\/wp\/v2\/pages\/450","targetHints":{"allow":["GET"]}}],"collection":[{"href":"https:\/\/www.vitapraxis.de\/wp-cms\/wp-json\/wp\/v2\/pages"}],"about":[{"href":"https:\/\/www.vitapraxis.de\/wp-cms\/wp-json\/wp\/v2\/types\/page"}],"author":[{"embeddable":true,"href":"https:\/\/www.vitapraxis.de\/wp-cms\/wp-json\/wp\/v2\/users\/1"}],"replies":[{"embeddable":true,"href":"https:\/\/www.vitapraxis.de\/wp-cms\/wp-json\/wp\/v2\/comments?post=450"}],"version-history":[{"count":68,"href":"https:\/\/www.vitapraxis.de\/wp-cms\/wp-json\/wp\/v2\/pages\/450\/revisions"}],"predecessor-version":[{"id":2425,"href":"https:\/\/www.vitapraxis.de\/wp-cms\/wp-json\/wp\/v2\/pages\/450\/revisions\/2425"}],"wp:attachment":[{"href":"https:\/\/www.vitapraxis.de\/wp-cms\/wp-json\/wp\/v2\/media?parent=450"}],"curies":[{"name":"wp","href":"https:\/\/api.w.org\/{rel}","templated":true}]}}