{"id":13,"date":"2020-10-29T15:03:35","date_gmt":"2020-10-29T14:03:35","guid":{"rendered":"http:\/\/www.vitapraxis.de\/wp-cms\/?page_id=13"},"modified":"2025-09-16T15:30:18","modified_gmt":"2025-09-16T13:30:18","slug":"13-2-patrizia-schuess-heilpraktikerin-und-kinesiologin-weilheim","status":"publish","type":"page","link":"https:\/\/www.vitapraxis.de\/wp-cms\/","title":{"rendered":"Home"},"content":{"rendered":"\t\t<div data-elementor-type=\"wp-page\" data-elementor-id=\"13\" class=\"elementor elementor-13\">\n\t\t\t\t\t\t<section class=\"elementor-section elementor-top-section elementor-element elementor-element-fdbdeee elementor-section-stretched elementor-section-full_width elementor-section-height-min-height elementor-section-height-default elementor-section-items-middle\" data-id=\"fdbdeee\" data-element_type=\"section\" data-e-type=\"section\" data-settings=\"{&quot;stretch_section&quot;:&quot;section-stretched&quot;,&quot;shape_divider_top&quot;:&quot;opacity-fan&quot;,&quot;shape_divider_bottom&quot;:&quot;opacity-fan&quot;}\">\n\t\t\t\t\t\t\t<div class=\"elementor-background-overlay\"><\/div>\n\t\t\t\t\t\t<div class=\"elementor-shape elementor-shape-top\" aria-hidden=\"true\" data-negative=\"false\">\n\t\t\t<svg xmlns=\"http:\/\/www.w3.org\/2000\/svg\" viewBox=\"0 0 283.5 19.6\" preserveAspectRatio=\"none\">\n\t<path class=\"elementor-shape-fill\" style=\"opacity:0.33\" d=\"M0 0L0 18.8 141.8 4.1 283.5 18.8 283.5 0z\"\/>\n\t<path class=\"elementor-shape-fill\" style=\"opacity:0.33\" d=\"M0 0L0 12.6 141.8 4 283.5 12.6 283.5 0z\"\/>\n\t<path class=\"elementor-shape-fill\" style=\"opacity:0.33\" d=\"M0 0L0 6.4 141.8 4 283.5 6.4 283.5 0z\"\/>\n\t<path class=\"elementor-shape-fill\" d=\"M0 0L0 1.2 141.8 4 283.5 1.2 283.5 0z\"\/>\n<\/svg>\t\t<\/div>\n\t\t\t\t<div class=\"elementor-shape elementor-shape-bottom\" aria-hidden=\"true\" data-negative=\"false\">\n\t\t\t<svg xmlns=\"http:\/\/www.w3.org\/2000\/svg\" viewBox=\"0 0 283.5 19.6\" preserveAspectRatio=\"none\">\n\t<path class=\"elementor-shape-fill\" style=\"opacity:0.33\" d=\"M0 0L0 18.8 141.8 4.1 283.5 18.8 283.5 0z\"\/>\n\t<path class=\"elementor-shape-fill\" style=\"opacity:0.33\" d=\"M0 0L0 12.6 141.8 4 283.5 12.6 283.5 0z\"\/>\n\t<path class=\"elementor-shape-fill\" style=\"opacity:0.33\" d=\"M0 0L0 6.4 141.8 4 283.5 6.4 283.5 0z\"\/>\n\t<path class=\"elementor-shape-fill\" d=\"M0 0L0 1.2 141.8 4 283.5 1.2 283.5 0z\"\/>\n<\/svg>\t\t<\/div>\n\t\t\t\t\t<div class=\"elementor-container elementor-column-gap-default\">\n\t\t\t\t\t<div class=\"elementor-column elementor-col-100 elementor-top-column elementor-element elementor-element-6a8fa35\" data-id=\"6a8fa35\" data-element_type=\"column\" data-e-type=\"column\">\n\t\t\t<div class=\"elementor-widget-wrap elementor-element-populated\">\n\t\t\t\t\t\t<section class=\"elementor-section elementor-inner-section elementor-element elementor-element-44873c5 elementor-section-full_width elementor-section-height-default elementor-section-height-default\" data-id=\"44873c5\" data-element_type=\"section\" data-e-type=\"section\">\n\t\t\t\t\t\t<div class=\"elementor-container elementor-column-gap-default\">\n\t\t\t\t\t<div class=\"elementor-column elementor-col-100 elementor-inner-column elementor-element elementor-element-eb66afe\" data-id=\"eb66afe\" data-element_type=\"column\" data-e-type=\"column\">\n\t\t\t<div class=\"elementor-widget-wrap elementor-element-populated\">\n\t\t\t\t\t\t<div class=\"elementor-element elementor-element-b3b5dd2 elementor-widget elementor-widget-image\" data-id=\"b3b5dd2\" data-element_type=\"widget\" data-e-type=\"widget\" data-widget_type=\"image.default\">\n\t\t\t\t<div class=\"elementor-widget-container\">\n\t\t\t\t\t\t\t\t\t\t\t\t\t\t\t<img decoding=\"async\" src=\"https:\/\/www.vitapraxis.de\/wp-cms\/wp-content\/uploads\/2020\/12\/vitalpraxis-logo-webseite_06.jpg\" title=\"\" alt=\"\" loading=\"lazy\" \/>\t\t\t\t\t\t\t\t\t\t\t\t\t\t\t<\/div>\n\t\t\t\t<\/div>\n\t\t\t\t\t<\/div>\n\t\t<\/div>\n\t\t\t\t\t<\/div>\n\t\t<\/section>\n\t\t\t\t<div class=\"elementor-element elementor-element-af61b9f elementor-widget elementor-widget-image\" data-id=\"af61b9f\" data-element_type=\"widget\" data-e-type=\"widget\" data-widget_type=\"image.default\">\n\t\t\t\t<div class=\"elementor-widget-container\">\n\t\t\t\t\t\t\t\t\t\t\t\t\t\t\t<img fetchpriority=\"high\" decoding=\"async\" width=\"700\" height=\"910\" src=\"https:\/\/www.vitapraxis.de\/wp-cms\/wp-content\/uploads\/2025\/09\/vitalpraxis-patrizia-schuess-heilpraktikerin-kinesiologin-logo-2025.png\" class=\"attachment-full size-full wp-image-2663\" alt=\"\" srcset=\"https:\/\/www.vitapraxis.de\/wp-cms\/wp-content\/uploads\/2025\/09\/vitalpraxis-patrizia-schuess-heilpraktikerin-kinesiologin-logo-2025.png 700w, https:\/\/www.vitapraxis.de\/wp-cms\/wp-content\/uploads\/2025\/09\/vitalpraxis-patrizia-schuess-heilpraktikerin-kinesiologin-logo-2025-231x300.png 231w\" sizes=\"(max-width: 700px) 100vw, 700px\" \/>\t\t\t\t\t\t\t\t\t\t\t\t\t\t\t<\/div>\n\t\t\t\t<\/div>\n\t\t\t\t<div class=\"elementor-element elementor-element-f1cfc98 elementor-widget elementor-widget-heading\" data-id=\"f1cfc98\" data-element_type=\"widget\" data-e-type=\"widget\" data-settings=\"{&quot;_animation_mobile&quot;:&quot;fadeInUp&quot;}\" data-widget_type=\"heading.default\">\n\t\t\t\t<div class=\"elementor-widget-container\">\n\t\t\t\t\t<h3 class=\"elementor-heading-title elementor-size-default\">Ihre Gesundheit st\u00e4rken<\/h3>\t\t\t\t<\/div>\n\t\t\t\t<\/div>\n\t\t\t\t<div class=\"elementor-element elementor-element-ec67d7a elementor-widget elementor-widget-spacer\" data-id=\"ec67d7a\" data-element_type=\"widget\" data-e-type=\"widget\" data-widget_type=\"spacer.default\">\n\t\t\t\t<div class=\"elementor-widget-container\">\n\t\t\t\t\t\t\t<div class=\"elementor-spacer\">\n\t\t\t<div class=\"elementor-spacer-inner\"><\/div>\n\t\t<\/div>\n\t\t\t\t\t\t<\/div>\n\t\t\t\t<\/div>\n\t\t\t\t\t<\/div>\n\t\t<\/div>\n\t\t\t\t\t<\/div>\n\t\t<\/section>\n\t\t\t\t<section class=\"elementor-section elementor-top-section elementor-element elementor-element-38fdd0f elementor-section-full_width elementor-section-height-default elementor-section-height-default\" data-id=\"38fdd0f\" data-element_type=\"section\" data-e-type=\"section\">\n\t\t\t\t\t\t<div class=\"elementor-container elementor-column-gap-default\">\n\t\t\t\t\t<div class=\"elementor-column elementor-col-100 elementor-top-column elementor-element elementor-element-2c2e062\" data-id=\"2c2e062\" data-element_type=\"column\" data-e-type=\"column\">\n\t\t\t<div class=\"elementor-widget-wrap elementor-element-populated\">\n\t\t\t\t\t\t<div class=\"elementor-element elementor-element-f403035 elementor-widget elementor-widget-heading\" data-id=\"f403035\" data-element_type=\"widget\" data-e-type=\"widget\" data-widget_type=\"heading.default\">\n\t\t\t\t<div class=\"elementor-widget-container\">\n\t\t\t\t\t<h2 class=\"elementor-heading-title elementor-size-default\">Alles, was der K\u00f6rper macht, dient der Heilung<\/h2>\t\t\t\t<\/div>\n\t\t\t\t<\/div>\n\t\t\t\t\t<\/div>\n\t\t<\/div>\n\t\t\t\t\t<\/div>\n\t\t<\/section>\n\t\t\t\t<section class=\"elementor-section elementor-top-section elementor-element elementor-element-0b6115d elementor-section-height-min-height elementor-section-boxed elementor-section-height-default elementor-section-items-middle\" data-id=\"0b6115d\" data-element_type=\"section\" data-e-type=\"section\">\n\t\t\t\t\t\t<div class=\"elementor-container elementor-column-gap-wider\">\n\t\t\t\t\t<div class=\"elementor-column elementor-col-50 elementor-top-column elementor-element elementor-element-5d022ee\" data-id=\"5d022ee\" data-element_type=\"column\" data-e-type=\"column\">\n\t\t\t<div class=\"elementor-widget-wrap elementor-element-populated\">\n\t\t\t\t\t\t<div class=\"elementor-element elementor-element-dfd4881 elementor-widget elementor-widget-image\" data-id=\"dfd4881\" data-element_type=\"widget\" data-e-type=\"widget\" data-widget_type=\"image.default\">\n\t\t\t\t<div class=\"elementor-widget-container\">\n\t\t\t\t\t\t\t\t\t\t\t\t<figure class=\"wp-caption\">\n\t\t\t\t\t\t\t\t\t\t<img decoding=\"async\" width=\"500\" height=\"500\" src=\"https:\/\/www.vitapraxis.de\/wp-cms\/wp-content\/uploads\/2022\/11\/patricia-schuess-heilpraktikerin-kinesiologin-2023-500x500-1.jpg\" class=\"attachment-full size-full wp-image-2394\" alt=\"\" srcset=\"https:\/\/www.vitapraxis.de\/wp-cms\/wp-content\/uploads\/2022\/11\/patricia-schuess-heilpraktikerin-kinesiologin-2023-500x500-1.jpg 500w, https:\/\/www.vitapraxis.de\/wp-cms\/wp-content\/uploads\/2022\/11\/patricia-schuess-heilpraktikerin-kinesiologin-2023-500x500-1-300x300.jpg 300w, https:\/\/www.vitapraxis.de\/wp-cms\/wp-content\/uploads\/2022\/11\/patricia-schuess-heilpraktikerin-kinesiologin-2023-500x500-1-150x150.jpg 150w\" sizes=\"(max-width: 500px) 100vw, 500px\" \/>\t\t\t\t\t\t\t\t\t\t\t<figcaption class=\"widget-image-caption wp-caption-text\">Patrizia Sch\u00fcss<\/figcaption>\n\t\t\t\t\t\t\t\t\t\t<\/figure>\n\t\t\t\t\t\t\t\t\t<\/div>\n\t\t\t\t<\/div>\n\t\t\t\t\t<\/div>\n\t\t<\/div>\n\t\t\t\t<div class=\"elementor-column elementor-col-50 elementor-top-column elementor-element elementor-element-669247e\" data-id=\"669247e\" data-element_type=\"column\" data-e-type=\"column\">\n\t\t\t<div class=\"elementor-widget-wrap elementor-element-populated\">\n\t\t\t\t\t\t<div class=\"elementor-element elementor-element-4dacd85 elementor-widget elementor-widget-text-editor\" data-id=\"4dacd85\" data-element_type=\"widget\" data-e-type=\"widget\" data-widget_type=\"text-editor.default\">\n\t\t\t\t<div class=\"elementor-widget-container\">\n\t\t\t\t\t\t\t\t\t<p>Jede Reaktion unseres K\u00f6rpers ist immer die in diesem Augenblick f\u00fcr ihn genau richtige Regulation zum \u00dcberleben &#8211; auch wenn es uns pers\u00f6nlich nicht gef\u00e4llt oder es uns im Moment nicht so gut geht.<\/p><p>Bei meiner Behandlung betrachte ich Ihren K\u00f6rper nicht als ein in sich geschlossenes System, vielmehr nehme ich Ihre k\u00f6rperlichen Zust\u00e4nde und Symptome wahr als Teile eines umfassenden seelischen, geistigen und k\u00f6rperlichen Zusammenhangs.<\/p><p>In meiner Vitapraxis findet ein breites Spektrum an bew\u00e4hrten naturheilkundlichen Behandlungsmethoden Anwendung. Doch jeder Mensch ist anders! Nach Ihren ganz pers\u00f6nlichen Bed\u00fcrfnissen, stellen wir gemeinsam die f\u00fcr Ihre Situation passenden Therapiekonzepte zusammen, die Sie auf dem Weg zu Ihrem Wohlbewusstsein begleiten werden.<\/p><div>Ihre Patrizia Sch\u00fcss<br \/><i>Heilpraktikerin<\/i><\/div>\t\t\t\t\t\t\t\t<\/div>\n\t\t\t\t<\/div>\n\t\t\t\t\t<\/div>\n\t\t<\/div>\n\t\t\t\t\t<\/div>\n\t\t<\/section>\n\t\t\t\t<section class=\"elementor-section elementor-top-section elementor-element elementor-element-e613e7c elementor-section-full_width elementor-section-height-default elementor-section-height-default\" data-id=\"e613e7c\" data-element_type=\"section\" data-e-type=\"section\">\n\t\t\t\t\t\t<div class=\"elementor-container elementor-column-gap-default\">\n\t\t\t\t\t<div class=\"elementor-column elementor-col-100 elementor-top-column elementor-element elementor-element-c2fa88a\" data-id=\"c2fa88a\" data-element_type=\"column\" data-e-type=\"column\">\n\t\t\t<div class=\"elementor-widget-wrap elementor-element-populated\">\n\t\t\t\t\t\t<div class=\"elementor-element elementor-element-6ffd3aa elementor-widget elementor-widget-heading\" data-id=\"6ffd3aa\" data-element_type=\"widget\" data-e-type=\"widget\" data-widget_type=\"heading.default\">\n\t\t\t\t<div class=\"elementor-widget-container\">\n\t\t\t\t\t<h2 class=\"elementor-heading-title elementor-size-default\">SEMINARE in Weilheim<\/h2>\t\t\t\t<\/div>\n\t\t\t\t<\/div>\n\t\t\t\t\t<\/div>\n\t\t<\/div>\n\t\t\t\t\t<\/div>\n\t\t<\/section>\n\t\t\t\t<section class=\"elementor-section elementor-top-section elementor-element elementor-element-a160317 elementor-section-height-min-height elementor-section-boxed elementor-section-height-default elementor-section-items-middle\" data-id=\"a160317\" data-element_type=\"section\" data-e-type=\"section\">\n\t\t\t\t\t\t<div class=\"elementor-container elementor-column-gap-wider\">\n\t\t\t\t\t<div class=\"elementor-column elementor-col-50 elementor-top-column elementor-element elementor-element-c65f9b3\" data-id=\"c65f9b3\" data-element_type=\"column\" data-e-type=\"column\">\n\t\t\t<div class=\"elementor-widget-wrap elementor-element-populated\">\n\t\t\t\t\t\t<div class=\"elementor-element elementor-element-e992c81 elementor-widget elementor-widget-image\" data-id=\"e992c81\" data-element_type=\"widget\" data-e-type=\"widget\" data-widget_type=\"image.default\">\n\t\t\t\t<div class=\"elementor-widget-container\">\n\t\t\t\t\t\t\t\t\t\t\t\t<figure class=\"wp-caption\">\n\t\t\t\t\t\t\t\t\t\t\t<a href=\"https:\/\/www.vitapraxis.de\/wp-cms\/seminare-in-weilheim-mit-mechthild-rex-najuch-organisation-patrizia-schuess-vitapraxis\/\">\n\t\t\t\t\t\t\t<img decoding=\"async\" width=\"474\" height=\"1000\" src=\"https:\/\/www.vitapraxis.de\/wp-cms\/wp-content\/uploads\/2024\/03\/Seminare-in-Weilheim-\u2013-mit-Mechthild-Rex-Najuch-ORGANISATION-Patrizia-Schu\u0308ss-\u2013-Vitapraxis.jpg\" class=\"attachment-full size-full wp-image-2451\" alt=\"Seminare in Weilheim \u2013 mit Mechthild Rex-Najuch ORGANISATION Patrizia Sch\u00fcss \u2013 Vitapraxis\" srcset=\"https:\/\/www.vitapraxis.de\/wp-cms\/wp-content\/uploads\/2024\/03\/Seminare-in-Weilheim-\u2013-mit-Mechthild-Rex-Najuch-ORGANISATION-Patrizia-Schu\u0308ss-\u2013-Vitapraxis.jpg 474w, https:\/\/www.vitapraxis.de\/wp-cms\/wp-content\/uploads\/2024\/03\/Seminare-in-Weilheim-\u2013-mit-Mechthild-Rex-Najuch-ORGANISATION-Patrizia-Schu\u0308ss-\u2013-Vitapraxis-142x300.jpg 142w\" sizes=\"(max-width: 474px) 100vw, 474px\" \/>\t\t\t\t\t\t\t\t<\/a>\n\t\t\t\t\t\t\t\t\t\t\t<figcaption class=\"widget-image-caption wp-caption-text\"><\/figcaption>\n\t\t\t\t\t\t\t\t\t\t<\/figure>\n\t\t\t\t\t\t\t\t\t<\/div>\n\t\t\t\t<\/div>\n\t\t\t\t\t<\/div>\n\t\t<\/div>\n\t\t\t\t<div class=\"elementor-column elementor-col-50 elementor-top-column elementor-element elementor-element-c1f5493\" data-id=\"c1f5493\" data-element_type=\"column\" data-e-type=\"column\">\n\t\t\t<div class=\"elementor-widget-wrap elementor-element-populated\">\n\t\t\t\t\t\t<div class=\"elementor-element elementor-element-d3483ad elementor-widget elementor-widget-text-editor\" data-id=\"d3483ad\" data-element_type=\"widget\" data-e-type=\"widget\" data-widget_type=\"text-editor.default\">\n\t\t\t\t<div class=\"elementor-widget-container\">\n\t\t\t\t\t\t\t\t\t<p><strong>ARBEIT IM FL\u00dcSSIGEN SYSTEM MENSCH<\/strong> <br \/><strong>mit Mechthild Rex-Najuch<br \/><\/strong>ORGANISATION\u00a0 Patrizia Sch\u00fcss \u2013 Vitapraxis<\/p>\t\t\t\t\t\t\t\t<\/div>\n\t\t\t\t<\/div>\n\t\t\t\t<div class=\"elementor-element elementor-element-19000b2 elementor-widget elementor-widget-button\" data-id=\"19000b2\" data-element_type=\"widget\" data-e-type=\"widget\" data-widget_type=\"button.default\">\n\t\t\t\t<div class=\"elementor-widget-container\">\n\t\t\t\t\t\t\t\t\t<div class=\"elementor-button-wrapper\">\n\t\t\t\t\t<a class=\"elementor-button elementor-button-link elementor-size-sm\" href=\"https:\/\/www.vitapraxis.de\/wp-cms\/seminare-in-weilheim-mit-mechthild-rex-najuch-organisation-patrizia-schuess-vitapraxis\/\">\n\t\t\t\t\t\t<span class=\"elementor-button-content-wrapper\">\n\t\t\t\t\t\t\t\t\t<span class=\"elementor-button-text\">ZU DEN SEMINAREN <\/span>\n\t\t\t\t\t<\/span>\n\t\t\t\t\t<\/a>\n\t\t\t\t<\/div>\n\t\t\t\t\t\t\t\t<\/div>\n\t\t\t\t<\/div>\n\t\t\t\t<div class=\"elementor-element elementor-element-9d62b67 elementor-widget-divider--view-line elementor-widget elementor-widget-divider\" data-id=\"9d62b67\" data-element_type=\"widget\" data-e-type=\"widget\" data-widget_type=\"divider.default\">\n\t\t\t\t<div class=\"elementor-widget-container\">\n\t\t\t\t\t\t\t<div class=\"elementor-divider\">\n\t\t\t<span class=\"elementor-divider-separator\">\n\t\t\t\t\t\t<\/span>\n\t\t<\/div>\n\t\t\t\t\t\t<\/div>\n\t\t\t\t<\/div>\n\t\t\t\t<div class=\"elementor-element elementor-element-a6848cf elementor-widget elementor-widget-text-editor\" data-id=\"a6848cf\" data-element_type=\"widget\" data-e-type=\"widget\" data-widget_type=\"text-editor.default\">\n\t\t\t\t<div class=\"elementor-widget-container\">\n\t\t\t\t\t\t\t\t\t<p><strong>Feedback von Teilnehmern, die das Basis-Seminar besucht haben.<\/strong><br \/><strong>\u00a0Mir hat besonders gut gefallen:<\/strong><\/p><ul><li>Breitgef\u00e4chertes fundiertes und klares Wissen<\/li><li>Leichtigkeit verbunden mit Tiefe<\/li><li>Theorie mit f\u00fchlbarer Umsetzung<\/li><li>Mechthild Wissen und ihre Nat\u00fcrlichkeit \u2013 alles grandios<\/li><li>Mechthild in ihrer uneingeschr\u00e4nkten Bl\u00fcte<\/li><li>ideale Gruppengr\u00f6\u00dfe<\/li><li>tolle Seminarteilnehmerinnen<\/li><li>viele praktische \u00dcbungen<\/li><li>hervorragende Dozentin<\/li><li>Ich wei\u00df, dass ich nichts wei\u00df \u2026, die Seele ruft nach mehr<\/li><li>Die Art wie Mechthild auf die Kursteilnehmer eingeht und jeden abholt<\/li><\/ul>\t\t\t\t\t\t\t\t<\/div>\n\t\t\t\t<\/div>\n\t\t\t\t\t<\/div>\n\t\t<\/div>\n\t\t\t\t\t<\/div>\n\t\t<\/section>\n\t\t\t\t<section class=\"elementor-section elementor-top-section elementor-element elementor-element-2a3366b elementor-section-boxed elementor-section-height-default elementor-section-height-default\" data-id=\"2a3366b\" data-element_type=\"section\" data-e-type=\"section\">\n\t\t\t\t\t\t<div class=\"elementor-container elementor-column-gap-default\">\n\t\t\t\t\t<div class=\"elementor-column elementor-col-100 elementor-top-column elementor-element elementor-element-124f298\" data-id=\"124f298\" data-element_type=\"column\" data-e-type=\"column\">\n\t\t\t<div class=\"elementor-widget-wrap elementor-element-populated\">\n\t\t\t\t\t\t<div class=\"elementor-element elementor-element-abd3eb6 elementor-widget elementor-widget-spacer\" data-id=\"abd3eb6\" data-element_type=\"widget\" data-e-type=\"widget\" data-widget_type=\"spacer.default\">\n\t\t\t\t<div class=\"elementor-widget-container\">\n\t\t\t\t\t\t\t<div class=\"elementor-spacer\">\n\t\t\t<div class=\"elementor-spacer-inner\"><\/div>\n\t\t<\/div>\n\t\t\t\t\t\t<\/div>\n\t\t\t\t<\/div>\n\t\t\t\t\t<\/div>\n\t\t<\/div>\n\t\t\t\t\t<\/div>\n\t\t<\/section>\n\t\t\t\t<section class=\"elementor-section elementor-top-section elementor-element elementor-element-7f79e678 elementor-section-boxed elementor-section-height-default elementor-section-height-default\" data-id=\"7f79e678\" data-element_type=\"section\" data-e-type=\"section\">\n\t\t\t\t\t\t<div class=\"elementor-container elementor-column-gap-default\">\n\t\t\t\t\t<div class=\"elementor-column elementor-col-25 elementor-top-column elementor-element elementor-element-3e00701e\" data-id=\"3e00701e\" data-element_type=\"column\" data-e-type=\"column\">\n\t\t\t<div class=\"elementor-widget-wrap\">\n\t\t\t\t\t\t\t<\/div>\n\t\t<\/div>\n\t\t\t\t<div class=\"elementor-column elementor-col-50 elementor-top-column elementor-element elementor-element-40e28133\" data-id=\"40e28133\" data-element_type=\"column\" data-e-type=\"column\">\n\t\t\t<div class=\"elementor-widget-wrap elementor-element-populated\">\n\t\t\t\t\t\t<div class=\"elementor-element elementor-element-c01433e elementor-widget elementor-widget-image\" data-id=\"c01433e\" data-element_type=\"widget\" data-e-type=\"widget\" data-widget_type=\"image.default\">\n\t\t\t\t<div class=\"elementor-widget-container\">\n\t\t\t\t\t\t\t\t\t\t\t\t\t\t\t<img decoding=\"async\" src=\"https:\/\/www.vitapraxis.de\/wp-cms\/wp-content\/uploads\/2020\/12\/vitalpraxis-logo-webseite_05.jpg\" title=\"\" alt=\"\" loading=\"lazy\" \/>\t\t\t\t\t\t\t\t\t\t\t\t\t\t\t<\/div>\n\t\t\t\t<\/div>\n\t\t\t\t<div class=\"elementor-element elementor-element-48d71c86 elementor-widget elementor-widget-spacer\" data-id=\"48d71c86\" data-element_type=\"widget\" data-e-type=\"widget\" data-widget_type=\"spacer.default\">\n\t\t\t\t<div class=\"elementor-widget-container\">\n\t\t\t\t\t\t\t<div class=\"elementor-spacer\">\n\t\t\t<div class=\"elementor-spacer-inner\"><\/div>\n\t\t<\/div>\n\t\t\t\t\t\t<\/div>\n\t\t\t\t<\/div>\n\t\t\t\t<div class=\"elementor-element elementor-element-1872a1b6 elementor-widget elementor-widget-image\" data-id=\"1872a1b6\" data-element_type=\"widget\" data-e-type=\"widget\" data-widget_type=\"image.default\">\n\t\t\t\t<div class=\"elementor-widget-container\">\n\t\t\t\t\t\t\t\t\t\t\t\t\t\t\t<img loading=\"lazy\" decoding=\"async\" width=\"500\" height=\"518\" src=\"https:\/\/www.vitapraxis.de\/wp-cms\/wp-content\/uploads\/2020\/12\/vitalpraxis-patricia-schuess-heilpraktikerin-kinesiologin-logo-bildmarke.png\" class=\"attachment-full size-full wp-image-1325\" alt=\"Vitapraxis Patrizia Sch\u00fcss - Heilpraktikerin und Kinesiologin\" srcset=\"https:\/\/www.vitapraxis.de\/wp-cms\/wp-content\/uploads\/2020\/12\/vitalpraxis-patricia-schuess-heilpraktikerin-kinesiologin-logo-bildmarke.png 500w, https:\/\/www.vitapraxis.de\/wp-cms\/wp-content\/uploads\/2020\/12\/vitalpraxis-patricia-schuess-heilpraktikerin-kinesiologin-logo-bildmarke-290x300.png 290w\" sizes=\"(max-width: 500px) 100vw, 500px\" \/>\t\t\t\t\t\t\t\t\t\t\t\t\t\t\t<\/div>\n\t\t\t\t<\/div>\n\t\t\t\t<div class=\"elementor-element elementor-element-9366d61 elementor-widget elementor-widget-spacer\" data-id=\"9366d61\" data-element_type=\"widget\" data-e-type=\"widget\" data-widget_type=\"spacer.default\">\n\t\t\t\t<div class=\"elementor-widget-container\">\n\t\t\t\t\t\t\t<div class=\"elementor-spacer\">\n\t\t\t<div class=\"elementor-spacer-inner\"><\/div>\n\t\t<\/div>\n\t\t\t\t\t\t<\/div>\n\t\t\t\t<\/div>\n\t\t\t\t\t<\/div>\n\t\t<\/div>\n\t\t\t\t<div class=\"elementor-column elementor-col-25 elementor-top-column elementor-element elementor-element-61de6ab2\" data-id=\"61de6ab2\" data-element_type=\"column\" data-e-type=\"column\">\n\t\t\t<div class=\"elementor-widget-wrap\">\n\t\t\t\t\t\t\t<\/div>\n\t\t<\/div>\n\t\t\t\t\t<\/div>\n\t\t<\/section>\n\t\t\t\t<section class=\"elementor-section elementor-top-section elementor-element elementor-element-d55d07d elementor-section-boxed elementor-section-height-default elementor-section-height-default\" data-id=\"d55d07d\" data-element_type=\"section\" data-e-type=\"section\">\n\t\t\t\t\t\t<div class=\"elementor-container elementor-column-gap-default\">\n\t\t\t\t\t<div class=\"elementor-column elementor-col-100 elementor-top-column elementor-element elementor-element-e0f1f42\" data-id=\"e0f1f42\" data-element_type=\"column\" data-e-type=\"column\">\n\t\t\t<div class=\"elementor-widget-wrap elementor-element-populated\">\n\t\t\t\t\t\t<div class=\"elementor-element elementor-element-f429f85 elementor-widget elementor-widget-spacer\" data-id=\"f429f85\" data-element_type=\"widget\" data-e-type=\"widget\" data-widget_type=\"spacer.default\">\n\t\t\t\t<div class=\"elementor-widget-container\">\n\t\t\t\t\t\t\t<div class=\"elementor-spacer\">\n\t\t\t<div class=\"elementor-spacer-inner\"><\/div>\n\t\t<\/div>\n\t\t\t\t\t\t<\/div>\n\t\t\t\t<\/div>\n\t\t\t\t\t<\/div>\n\t\t<\/div>\n\t\t\t\t\t<\/div>\n\t\t<\/section>\n\t\t\t\t<\/div>\n\t\t","protected":false},"excerpt":{"rendered":"<p>Ihre Gesundheit st\u00e4rken Alles, was der K\u00f6rper macht, dient der Heilung Patrizia Sch\u00fcss Jede Reaktion unseres K\u00f6rpers ist immer die in diesem Augenblick f\u00fcr ihn genau richtige Regulation zum \u00dcberleben &#8211; auch wenn es uns pers\u00f6nlich nicht gef\u00e4llt oder es uns im Moment nicht so gut geht. Bei meiner Behandlung betrachte ich Ihren K\u00f6rper nicht [&hellip;]<\/p>\n","protected":false},"author":1,"featured_media":0,"parent":0,"menu_order":0,"comment_status":"closed","ping_status":"closed","template":"","meta":{"ocean_post_layout":"full-screen","ocean_both_sidebars_style":"","ocean_both_sidebars_content_width":0,"ocean_both_sidebars_sidebars_width":0,"ocean_sidebar":"0","ocean_second_sidebar":"0","ocean_disable_margins":"enable","ocean_add_body_class":"","ocean_shortcode_before_top_bar":"","ocean_shortcode_after_top_bar":"","ocean_shortcode_before_header":"","ocean_shortcode_after_header":"","ocean_has_shortcode":"","ocean_shortcode_after_title":"","ocean_shortcode_before_footer_widgets":"","ocean_shortcode_after_footer_widgets":"","ocean_shortcode_before_footer_bottom":"","ocean_shortcode_after_footer_bottom":"","ocean_display_top_bar":"off","ocean_display_header":"default","ocean_header_style":"","ocean_center_header_left_menu":"0","ocean_custom_header_template":"0","ocean_custom_logo":0,"ocean_custom_retina_logo":0,"ocean_custom_logo_max_width":0,"ocean_custom_logo_tablet_max_width":0,"ocean_custom_logo_mobile_max_width":0,"ocean_custom_logo_max_height":0,"ocean_custom_logo_tablet_max_height":0,"ocean_custom_logo_mobile_max_height":0,"ocean_header_custom_menu":"0","ocean_menu_typo_font_family":"0","ocean_menu_typo_font_subset":"","ocean_menu_typo_font_size":0,"ocean_menu_typo_font_size_tablet":0,"ocean_menu_typo_font_size_mobile":0,"ocean_menu_typo_font_size_unit":"px","ocean_menu_typo_font_weight":"","ocean_menu_typo_font_weight_tablet":"","ocean_menu_typo_font_weight_mobile":"","ocean_menu_typo_transform":"","ocean_menu_typo_transform_tablet":"","ocean_menu_typo_transform_mobile":"","ocean_menu_typo_line_height":0,"ocean_menu_typo_line_height_tablet":0,"ocean_menu_typo_line_height_mobile":0,"ocean_menu_typo_line_height_unit":"","ocean_menu_typo_spacing":0,"ocean_menu_typo_spacing_tablet":0,"ocean_menu_typo_spacing_mobile":0,"ocean_menu_typo_spacing_unit":"","ocean_menu_link_color":"","ocean_menu_link_color_hover":"","ocean_menu_link_color_active":"","ocean_menu_link_background":"","ocean_menu_link_hover_background":"","ocean_menu_link_active_background":"","ocean_menu_social_links_bg":"","ocean_menu_social_hover_links_bg":"","ocean_menu_social_links_color":"","ocean_menu_social_hover_links_color":"","ocean_disable_title":"on","ocean_disable_heading":"default","ocean_post_title":"","ocean_post_subheading":"","ocean_post_title_style":"","ocean_post_title_background_color":"","ocean_post_title_background":0,"ocean_post_title_bg_image_position":"","ocean_post_title_bg_image_attachment":"","ocean_post_title_bg_image_repeat":"","ocean_post_title_bg_image_size":"","ocean_post_title_height":0,"ocean_post_title_bg_overlay":0.5,"ocean_post_title_bg_overlay_color":"","ocean_disable_breadcrumbs":"default","ocean_breadcrumbs_color":"","ocean_breadcrumbs_separator_color":"","ocean_breadcrumbs_links_color":"","ocean_breadcrumbs_links_hover_color":"","ocean_display_footer_widgets":"default","ocean_display_footer_bottom":"off","ocean_custom_footer_template":"0","footnotes":""},"class_list":["post-13","page","type-page","status-publish","hentry","entry"],"_links":{"self":[{"href":"https:\/\/www.vitapraxis.de\/wp-cms\/wp-json\/wp\/v2\/pages\/13","targetHints":{"allow":["GET"]}}],"collection":[{"href":"https:\/\/www.vitapraxis.de\/wp-cms\/wp-json\/wp\/v2\/pages"}],"about":[{"href":"https:\/\/www.vitapraxis.de\/wp-cms\/wp-json\/wp\/v2\/types\/page"}],"author":[{"embeddable":true,"href":"https:\/\/www.vitapraxis.de\/wp-cms\/wp-json\/wp\/v2\/users\/1"}],"replies":[{"embeddable":true,"href":"https:\/\/www.vitapraxis.de\/wp-cms\/wp-json\/wp\/v2\/comments?post=13"}],"version-history":[{"count":538,"href":"https:\/\/www.vitapraxis.de\/wp-cms\/wp-json\/wp\/v2\/pages\/13\/revisions"}],"predecessor-version":[{"id":2672,"href":"https:\/\/www.vitapraxis.de\/wp-cms\/wp-json\/wp\/v2\/pages\/13\/revisions\/2672"}],"wp:attachment":[{"href":"https:\/\/www.vitapraxis.de\/wp-cms\/wp-json\/wp\/v2\/media?parent=13"}],"curies":[{"name":"wp","href":"https:\/\/api.w.org\/{rel}","templated":true}]}}